{"id":25,"date":"2023-11-12T17:33:47","date_gmt":"2023-11-12T17:33:47","guid":{"rendered":"https:\/\/fitoriopolitikos.gr\/?page_id=25"},"modified":"2024-02-04T12:09:39","modified_gmt":"2024-02-04T12:09:39","slug":"epikoinonia","status":"publish","type":"page","link":"https:\/\/fitoriopolitikos.gr\/fr\/epikoinonia\/","title":{"rendered":"Contact"},"content":{"rendered":"<section class=\"bde-section-25-100 bde-section\">\n              \n  \n\t\n\n  <div class=\"section-background-overlay\"><\/div>\n\n\n<div class=\"section-container\"><div class=\"bde-div-25-101 bde-div\">\n  \n\t\n\n\n\n<h1 class=\"bde-heading-25-102 bde-heading\" data-entrance=\"slideUp\">\nContact\n<\/h1>\n<\/div><\/div>\n<\/section><section class=\"bde-section-25-103 bde-section\">\n  \n\t\n\n\n\n<div class=\"section-container\"><div class=\"bde-columns-25-104 bde-columns\"><div class=\"bde-column-25-105 bde-column\">\n  \n\t\n\n\n\n<div class=\"bde-div-25-106 bde-div\">\n  \n\t\n\n\n\n<h2 class=\"bde-heading-25-115 bde-heading\">\nFormulaire de Communication\n<\/h2><div class=\"bde-form-builder-25-114 bde-form-builder\">\n\n\n<form id=\"contact-form114\" class=\"breakdance-form breakdance-form--vertical has-breakpoints\" data-options=\"{&quot;slug&quot;:&quot;custom&quot;,&quot;name&quot;:&quot;Contact Form&quot;,&quot;ajaxUrl&quot;:&quot;https:\\\/\\\/fitoriopolitikos.gr\\\/wp-admin\\\/admin-ajax.php&quot;,&quot;clearOnSuccess&quot;:true,&quot;hideOnSuccess&quot;:false,&quot;successMessage&quot;:&quot;Your message has been received!&quot;,&quot;errorMessage&quot;:&quot;Something went wrong&quot;,&quot;redirect&quot;:false,&quot;redirectUrl&quot;:&quot;&quot;,&quot;customJavaScript&quot;:&quot;&quot;,&quot;recaptcha&quot;:{&quot;key&quot;:&quot;&quot;,&quot;enabled&quot;:false},&quot;honeypot_enabled&quot;:false,&quot;popupsOnSuccess&quot;:[],&quot;popupsOnError&quot;:[]}\" data-steps=\"0\" action=\"\" >\n  \n  \n  \n<div class=\"breakdance-form-field breakdance-form-field--text\" >\n    \n    \n            <label class=\"breakdance-form-field__label\" for=\"name\">\n            Pr\u00e9nom<span class=\"breakdance-form-field__required\">*<\/span>\n        <\/label>\n    \n    <input\n    class=\"breakdance-form-field__input\"\n    id=\"name\"\n    aria-describedby=\"name\"\n    type=\"text\"\n    name=\"fields[name]\"\n    placeholder=\"\"\n    value=\"\"\n                \n        \n        \n    required\n>\n\n\n    \n    \n<\/div>\n\n\n<div class=\"breakdance-form-field breakdance-form-field--text\" >\n    \n    \n            <label class=\"breakdance-form-field__label\" for=\"ecbbdd\">\n            Nom\n        <\/label>\n    \n    <input\n    class=\"breakdance-form-field__input\"\n    id=\"ecbbdd\"\n    aria-describedby=\"ecbbdd\"\n    type=\"text\"\n    name=\"fields[ecbbdd]\"\n    placeholder=\"\"\n    value=\"\"\n                \n        \n        \n    \n    \n    \n>\n\n\n    \n    \n<\/div>\n\n\n<div class=\"breakdance-form-field breakdance-form-field--email\" >\n    \n    \n            <label class=\"breakdance-form-field__label\" for=\"email\">\n            e-mail<span class=\"breakdance-form-field__required\">*<\/span>\n        <\/label>\n    \n    <input\n    class=\"breakdance-form-field__input\"\n    id=\"email\"\n    aria-describedby=\"email\"\n    type=\"email\"\n    name=\"fields[email]\"\n    placeholder=\"\"\n    value=\"\"\n                \n        \n        \n    required\n>\n\n\n    \n    \n<\/div>\n\n\n<div class=\"breakdance-form-field breakdance-form-field--tel\" >\n    \n    \n            <label class=\"breakdance-form-field__label\" for=\"imruvo\">\n            Num\u00e9ro de t\u00e9l\u00e9phone\n        <\/label>\n    \n    <input\n    class=\"breakdance-form-field__input\"\n    id=\"imruvo\"\n    aria-describedby=\"imruvo\"\n    type=\"tel\"\n    name=\"fields[imruvo]\"\n    placeholder=\"\"\n    value=\"\"\n                \n        \n        \n    \n    \n    \n>\n\n\n    \n    \n<\/div>\n\n\n<div class=\"breakdance-form-field breakdance-form-field--textarea\" >\n    \n    \n            <label class=\"breakdance-form-field__label\" for=\"message\">\n            Votre message<span class=\"breakdance-form-field__required\">*<\/span>\n        <\/label>\n    \n    <textarea\n    class=\"breakdance-form-field__input\"\n    id=\"message\"\n    aria-describedby=\"message\"\n    type=\"textarea\"\n    name=\"fields[message]\"\n        placeholder=\"\"\n    required\n>\n<\/textarea>\n\n\n    \n    \n<\/div>\n\n\n  \n\n<div class=\"breakdance-form-field breakdance-form-footer\">\n    \n    \n                                    \n    \n    \n    \n    \n            \n            <button type=\"submit\" class=\"button-atom button-atom--primary breakdance-form-button breakdance-form-button__submit\"  >\n    \n        <span class=\"button-atom__text\">Envoi<\/span>\n\n        \n        \n            <\/button>\n    \n    <input type=\"hidden\" name=\"form_id\" value=\"114\">\n    <input type=\"hidden\" name=\"post_id\" value=\"25\">\n<\/div>\n\n  \n<input type=\"hidden\" name=\"trp-form-language\" value=\"fr\"\/><\/form>\n\n\n\n<\/div>\n<\/div>\n<\/div><div class=\"bde-column-25-146 bde-column\">\n  \n\t\n\n\n\n<div class=\"bde-div-25-147 bde-div\">\n  \n\t\n\n\n\n<h2 class=\"bde-heading-25-148 bde-heading\">\nInformations de contact\n<\/h2><div class=\"bde-text-25-149 bde-text\">\nAppelez-nous ou envoyez-nous un e-mail\n<\/div>\n<\/div><div class=\"bde-div-25-150 bde-div\">\n  \n\t\n\n\n\n<div class=\"bde-icon-list-25-151 bde-icon-list\">\n<ul>\n  \n              \n    <li>\n              <div class='bde-icon-list__item-wrapper'>\n      \n      <span class='bde-icon-list__icon'>\n        <svg xmlns=\"http:\/\/www.w3.org\/2000\/svg\" viewbox=\"0 0 384 512\"><!-- Font Awesome Free 5.15.1 by @fontawesome - https:\/\/fontawesome.com License - https:\/\/fontawesome.com\/license\/free (Icons: CC BY 4.0, Fonts: SIL OFL 1.1, Code: MIT License) --><path d=\"M172.268 501.67C26.97 291.031 0 269.413 0 192 0 85.961 85.961 0 192 0s192 85.961 192 192c0 77.413-26.97 99.031-172.268 309.67-9.535 13.774-29.93 13.773-39.464 0zM192 272c44.183 0 80-35.817 80-80s-35.817-80-80-80-80 35.817-80 80 35.817 80 80 80z\"\/><\/svg>\n      <\/span>\n      <span class='bde-icon-list__text' >\n      Roditsa, Lamia\n      <\/span>\n              <\/div>\n      \n    <\/li>\n\n  \n              \n    <li>\n                      \n            \n            \n\n    \n    \n    \n    \n    <a class=\"breakdance-link bde-icon-list__item-wrapper\" href=\"mailto:make-an-order@example.com\" target=\"_self\" data-type=\"url\"  >\n\n      \n      <span class='bde-icon-list__icon'>\n        <svg xmlns=\"http:\/\/www.w3.org\/2000\/svg\" viewbox=\"0 0 320 512\"><!-- Font Awesome Free 5.15.1 by @fontawesome - https:\/\/fontawesome.com License - https:\/\/fontawesome.com\/license\/free (Icons: CC BY 4.0, Fonts: SIL OFL 1.1, Code: MIT License) --><path d=\"M272 0H48C21.5 0 0 21.5 0 48v416c0 26.5 21.5 48 48 48h224c26.5 0 48-21.5 48-48V48c0-26.5-21.5-48-48-48zM160 480c-17.7 0-32-14.3-32-32s14.3-32 32-32 32 14.3 32 32-14.3 32-32 32zm112-108c0 6.6-5.4 12-12 12H60c-6.6 0-12-5.4-12-12V60c0-6.6 5.4-12 12-12h200c6.6 0 12 5.4 12 12v312z\"\/><\/svg>\n      <\/span>\n      <span class='bde-icon-list__text' >\n      +30 6937 92 9161\n      <\/span>\n                  <\/a>\n\n      \n    <\/li>\n\n  \n              \n    <li>\n              <div class='bde-icon-list__item-wrapper'>\n      \n      <span class='bde-icon-list__icon'>\n        <svg xmlns=\"http:\/\/www.w3.org\/2000\/svg\" viewbox=\"0 0 512 512\"><!-- Font Awesome Free 5.15.1 by @fontawesome - https:\/\/fontawesome.com License - https:\/\/fontawesome.com\/license\/free (Icons: CC BY 4.0, Fonts: SIL OFL 1.1, Code: MIT License) --><path d=\"M464 64H48C21.49 64 0 85.49 0 112v288c0 26.51 21.49 48 48 48h416c26.51 0 48-21.49 48-48V112c0-26.51-21.49-48-48-48zm0 48v40.805c-22.422 18.259-58.168 46.651-134.587 106.49-16.841 13.247-50.201 45.072-73.413 44.701-23.208.375-56.579-31.459-73.413-44.701C106.18 199.465 70.425 171.067 48 152.805V112h416zM48 400V214.398c22.914 18.251 55.409 43.862 104.938 82.646 21.857 17.205 60.134 55.186 103.062 54.955 42.717.231 80.509-37.199 103.053-54.947 49.528-38.783 82.032-64.401 104.947-82.653V400H48z\"\/><\/svg>\n      <\/span>\n      <span class='bde-icon-list__text' >\n      info@fitoriopolitikos.gr\n      <\/span>\n              <\/div>\n      \n    <\/li>\n\n  <\/ul>\n\n<\/div>\n<\/div>\n<\/div><\/div><\/div>\n<\/section><section class=\"bde-section-25-135 bde-section\">\n  \n\t\n\n\n\n<div class=\"section-container\"><div class=\"bde-columns-25-143 bde-columns\"><div class=\"bde-column-25-144 bde-column\">\n  \n\t\n\n\n\n<div class=\"bde-text-25-145 bde-text\">\n\u00a9 FITORIO POLITIKOS IOANNIS  2023 | All Rights Reserved\n<\/div>\n<\/div><\/div><\/div>\n<\/section>","protected":false},"excerpt":{"rendered":"<p>\u0395\u03c0\u03b9\u03ba\u03bf\u03b9\u03bd\u03c9\u03bd\u03af\u03b1 \u03a6\u03cc\u03c1\u03bc\u03b1 \u0395\u03c0\u03b9\u03ba\u03bf\u03b9\u03bd\u03c9\u03bd\u03af\u03b1\u03c2 \u038c\u03bd\u03bf\u03bc\u03b1* \u0395\u03c0\u03ce\u03bd\u03c5\u03bc\u03bf e-mail* \u03a4\u03b7\u03bb. \u0395\u03c0\u03b9\u03ba\u03bf\u03b9\u03bd\u03c9\u03bd\u03af\u03b1\u03c2 \u03a4\u03bf \u039c\u03ae\u03bd\u03c5\u03bc\u03ac \u03c3\u03b1\u03c2* \u0391\u03c0\u03bf\u03c3\u03c4\u03bf\u03bb\u03ae \u03a3\u03c4\u03bf\u03b9\u03c7\u03b5\u03af\u03b1 \u0395\u03c0\u03b9\u03ba\u03bf\u03b9\u03bd\u03c9\u03bd\u03af\u03b1\u03c2 \u039a\u03b1\u03bb\u03ad\u03c3\u03c4\u03b5 \u03bc\u03b1\u03c2 \u03ae \u03c3\u03c4\u03b5\u03af\u03bb\u03c4\u03b5 \u03bc\u03b1\u03c2 email!!! \u03a1\u03bf\u03b4\u03af\u03c4\u03c3\u03b1 \u039b\u03b1\u03bc\u03af\u03b1\u03c2 +30 6937 92 9161 info@fitoriopolitikos.gr \u00a9 FITORIO POLITIKOS IOANNIS 2023 | All Rights Reserved<\/p>","protected":false},"author":1,"featured_media":0,"parent":0,"menu_order":0,"comment_status":"closed","ping_status":"closed","template":"","meta":{"_seopress_robots_primary_cat":"","_seopress_titles_title":"","_seopress_titles_desc":"","_seopress_robots_index":"","om_disable_all_campaigns":false,"_monsterinsights_skip_tracking":false,"_monsterinsights_sitenote_active":false,"_monsterinsights_sitenote_note":"","_monsterinsights_sitenote_category":0,"_uf_show_specific_survey":0,"_uf_disable_surveys":false,"footnotes":"","_breakdance_hide_in_design_set":false,"_breakdance_tags":""},"_links":{"self":[{"href":"https:\/\/fitoriopolitikos.gr\/fr\/wp-json\/wp\/v2\/pages\/25"}],"collection":[{"href":"https:\/\/fitoriopolitikos.gr\/fr\/wp-json\/wp\/v2\/pages"}],"about":[{"href":"https:\/\/fitoriopolitikos.gr\/fr\/wp-json\/wp\/v2\/types\/page"}],"author":[{"embeddable":true,"href":"https:\/\/fitoriopolitikos.gr\/fr\/wp-json\/wp\/v2\/users\/1"}],"replies":[{"embeddable":true,"href":"https:\/\/fitoriopolitikos.gr\/fr\/wp-json\/wp\/v2\/comments?post=25"}],"version-history":[{"count":6,"href":"https:\/\/fitoriopolitikos.gr\/fr\/wp-json\/wp\/v2\/pages\/25\/revisions"}],"predecessor-version":[{"id":543,"href":"https:\/\/fitoriopolitikos.gr\/fr\/wp-json\/wp\/v2\/pages\/25\/revisions\/543"}],"wp:attachment":[{"href":"https:\/\/fitoriopolitikos.gr\/fr\/wp-json\/wp\/v2\/media?parent=25"}],"curies":[{"name":"wp","href":"https:\/\/api.w.org\/{rel}","templated":true}]}}