{"id":19,"date":"2023-11-12T17:32:32","date_gmt":"2023-11-12T17:32:32","guid":{"rendered":"https:\/\/fitoriopolitikos.gr\/?page_id=19"},"modified":"2024-02-10T07:04:51","modified_gmt":"2024-02-10T07:04:51","slug":"paragogi","status":"publish","type":"page","link":"https:\/\/fitoriopolitikos.gr\/fr\/paragogi\/","title":{"rendered":"Production"},"content":{"rendered":"<section class=\"bde-section-19-137 bde-section\">\n              \n  \n\t\n\n  <div class=\"section-background-overlay\"><\/div>\n\n\n<div class=\"section-container\"><div class=\"bde-div-19-138 bde-div\">\n  \n\t\n\n\n\n<h1 class=\"bde-heading-19-139 bde-heading\">\nProcessus de production\n<\/h1>\n<\/div><\/div>\n<\/section><section class=\"bde-section-19-100 bde-section\">\n  \n\t\n\n\n\n<div class=\"section-container\"><div class=\"bde-div-19-101 bde-div\">\n  \n\t\n\n\n\n<h2 class=\"bde-heading-19-102 bde-heading\">\nProcessus de production\n<\/h2>\n<\/div><div class=\"bde-div-19-313 bde-div\">\n  \n\t\n\n\n\n<h2 class=\"bde-heading-19-314 bde-heading\">\nGreffons\n<\/h2><div class=\"bde-div-19-315 bde-div\">\n  \n\t\n\n\n\n<div class=\"bde-div-19-504 bde-div\">\n  \n\t\n\n\n\n<div class=\"bde-div-19-505 bde-div\">\n  \n\t\n\n\n\n<div class=\"bde-image-19-570 bde-image\">\n  \n\n\n\n\n\n<figure class=\"breakdance-image breakdance-image--185\">\n\t<div class=\"breakdance-image-container\">\n\t\t<div class=\"breakdance-image-clip\">\n\t\t\t\t\t\t<a class=\"breakdance-image-link breakdance-image-link--lightbox\" href=\"https:\/\/fitoriopolitikos.gr\/wp-content\/uploads\/2023\/11\/emvolia_proetoimasia.jpg\" target=\"_self\" rel=\"noopener\" data-sub-html=\"\" data-lg-size=\"-\">\n\t\t\t\t\n\t\t\t\t\n\t\t\t\t\t      \n  \n  \n  \n  \n      \n      <img loading=\"lazy\" decoding=\"async\"\n      class=\"breakdance-image-object\"\n      src=\"https:\/\/fitoriopolitikos.gr\/wp-content\/uploads\/2023\/11\/emvolia_proetoimasia.jpg\"\n      width=\"1500\"\n      height=\"1125\"\n      \n      \n                                    srcset=\"https:\/\/fitoriopolitikos.gr\/wp-content\/uploads\/2023\/11\/emvolia_proetoimasia.jpg 1500w, https:\/\/fitoriopolitikos.gr\/wp-content\/uploads\/2023\/11\/emvolia_proetoimasia-300x225.jpg 300w, https:\/\/fitoriopolitikos.gr\/wp-content\/uploads\/2023\/11\/emvolia_proetoimasia-1024x768.jpg 1024w, https:\/\/fitoriopolitikos.gr\/wp-content\/uploads\/2023\/11\/emvolia_proetoimasia-768x576.jpg 768w, https:\/\/fitoriopolitikos.gr\/wp-content\/uploads\/2023\/11\/emvolia_proetoimasia-16x12.jpg 16w\"\n                                                                      >\n  \n\n\t\t\t\t\t\n\t\t\t\t\t\t\t<\/a>\n\t\t\t\t\t<\/div>\n\t<\/div>\n\n\t<\/figure>\n\n<\/div>\n<\/div><h1 class=\"bde-heading-19-506 bde-heading\">\nEborgnage\n<\/h1>\n<\/div><div class=\"bde-div-19-507 bde-div\">\n  \n\t\n\n\n\n<div class=\"bde-div-19-508 bde-div\">\n  \n\t\n\n\n\n<div class=\"bde-image-19-571 bde-image\">\n  \n\n\n\n\n\n<figure class=\"breakdance-image breakdance-image--183\">\n\t<div class=\"breakdance-image-container\">\n\t\t<div class=\"breakdance-image-clip\">\n\t\t\t\t\t\t<a class=\"breakdance-image-link breakdance-image-link--lightbox\" href=\"https:\/\/fitoriopolitikos.gr\/wp-content\/uploads\/2023\/11\/emvolia.jpg\" target=\"_self\" rel=\"noopener\" data-sub-html=\"\" data-lg-size=\"-\">\n\t\t\t\t\n\t\t\t\t\n\t\t\t\t\t      \n  \n  \n  \n  \n      \n      <img loading=\"lazy\" decoding=\"async\"\n      class=\"breakdance-image-object\"\n      src=\"https:\/\/fitoriopolitikos.gr\/wp-content\/uploads\/2023\/11\/emvolia.jpg\"\n      width=\"1500\"\n      height=\"1125\"\n      \n      \n                                    srcset=\"https:\/\/fitoriopolitikos.gr\/wp-content\/uploads\/2023\/11\/emvolia.jpg 1500w, https:\/\/fitoriopolitikos.gr\/wp-content\/uploads\/2023\/11\/emvolia-300x225.jpg 300w, https:\/\/fitoriopolitikos.gr\/wp-content\/uploads\/2023\/11\/emvolia-1024x768.jpg 1024w, https:\/\/fitoriopolitikos.gr\/wp-content\/uploads\/2023\/11\/emvolia-768x576.jpg 768w, https:\/\/fitoriopolitikos.gr\/wp-content\/uploads\/2023\/11\/emvolia-16x12.jpg 16w\"\n                                                                      >\n  \n\n\t\t\t\t\t\n\t\t\t\t\t\t\t<\/a>\n\t\t\t\t\t<\/div>\n\t<\/div>\n\n\t<\/figure>\n\n<\/div>\n<\/div><h1 class=\"bde-heading-19-509 bde-heading\">\nCollecte\n<\/h1>\n<\/div>\n<\/div><div class=\"bde-div-19-510 bde-div\">\n  \n\t\n\n\n\n<div class=\"bde-div-19-511 bde-div\">\n  \n\t\n\n\n\n<div class=\"bde-div-19-512 bde-div\">\n  \n\t\n\n\n\n<div class=\"bde-image-19-572 bde-image\">\n  \n\n\n\n\n\n<figure class=\"breakdance-image breakdance-image--279\">\n\t<div class=\"breakdance-image-container\">\n\t\t<div class=\"breakdance-image-clip\">\n\t\t\t\t\t\t<a class=\"breakdance-image-link breakdance-image-link--lightbox\" href=\"https:\/\/fitoriopolitikos.gr\/wp-content\/uploads\/2024\/01\/syskeyazontai.jpg\" target=\"_self\" rel=\"noopener\" data-sub-html=\"\" data-lg-size=\"-\">\n\t\t\t\t\n\t\t\t\t\n\t\t\t\t\t      \n  \n  \n  \n  \n      \n      <img loading=\"lazy\" decoding=\"async\"\n      class=\"breakdance-image-object\"\n      src=\"https:\/\/fitoriopolitikos.gr\/wp-content\/uploads\/2024\/01\/syskeyazontai.jpg\"\n      width=\"750\"\n      height=\"500\"\n      \n      \n                                    srcset=\"https:\/\/fitoriopolitikos.gr\/wp-content\/uploads\/2024\/01\/syskeyazontai.jpg 750w, https:\/\/fitoriopolitikos.gr\/wp-content\/uploads\/2024\/01\/syskeyazontai-300x200.jpg 300w, https:\/\/fitoriopolitikos.gr\/wp-content\/uploads\/2024\/01\/syskeyazontai-18x12.jpg 18w\"\n                                                                      >\n  \n\n\t\t\t\t\t\n\t\t\t\t\t\t\t<\/a>\n\t\t\t\t\t<\/div>\n\t<\/div>\n\n\t<\/figure>\n\n<\/div>\n<\/div><h1 class=\"bde-heading-19-513 bde-heading\">\nIls sont emball\u00e9s \npuis conserv\u00e9s dans une chambre froide\n<\/h1>\n<\/div>\n<\/div>\n<\/div><div class=\"bde-div-19-517 bde-div\">\n  \n\t\n\n\n\n<h2 class=\"bde-heading-19-518 bde-heading\">\nPr\u00e9paration <\/br>\ndu porte-greffe\n<\/h2><div class=\"bde-div-19-519 bde-div\">\n  \n\t\n\n\n\n<div class=\"bde-div-19-520 bde-div\">\n  \n\t\n\n\n\n<div class=\"bde-div-19-521 bde-div\">\n  \n\t\n\n\n\n<div class=\"bde-image-19-573 bde-image\">\n  \n\n\n\n\n\n<figure class=\"breakdance-image breakdance-image--184\">\n\t<div class=\"breakdance-image-container\">\n\t\t<div class=\"breakdance-image-clip\">\n\t\t\t\t\t\t<a class=\"breakdance-image-link breakdance-image-link--lightbox\" href=\"https:\/\/fitoriopolitikos.gr\/wp-content\/uploads\/2023\/11\/ipokeimena.jpg\" target=\"_self\" rel=\"noopener\" data-sub-html=\"\" data-lg-size=\"-\">\n\t\t\t\t\n\t\t\t\t\n\t\t\t\t\t      \n  \n  \n  \n  \n      \n      <img loading=\"lazy\" decoding=\"async\"\n      class=\"breakdance-image-object\"\n      src=\"https:\/\/fitoriopolitikos.gr\/wp-content\/uploads\/2023\/11\/ipokeimena.jpg\"\n      width=\"1500\"\n      height=\"1125\"\n      \n      \n                                    srcset=\"https:\/\/fitoriopolitikos.gr\/wp-content\/uploads\/2023\/11\/ipokeimena.jpg 1500w, https:\/\/fitoriopolitikos.gr\/wp-content\/uploads\/2023\/11\/ipokeimena-300x225.jpg 300w, https:\/\/fitoriopolitikos.gr\/wp-content\/uploads\/2023\/11\/ipokeimena-1024x768.jpg 1024w, https:\/\/fitoriopolitikos.gr\/wp-content\/uploads\/2023\/11\/ipokeimena-768x576.jpg 768w, https:\/\/fitoriopolitikos.gr\/wp-content\/uploads\/2023\/11\/ipokeimena-16x12.jpg 16w\"\n                                                                      >\n  \n\n\t\t\t\t\t\n\t\t\t\t\t\t\t<\/a>\n\t\t\t\t\t<\/div>\n\t<\/div>\n\n\t<\/figure>\n\n<\/div>\n<\/div><h1 class=\"bde-heading-19-522 bde-heading\">\n1. Eborgnage<br>\n<\/h1>\n<\/div><div class=\"bde-div-19-523 bde-div\">\n  \n\t\n\n\n\n<div class=\"bde-div-19-524 bde-div\">\n  \n\t\n\n\n\n<div class=\"bde-image-19-574 bde-image\">\n  \n\n\n\n\n\n<figure class=\"breakdance-image breakdance-image--186\">\n\t<div class=\"breakdance-image-container\">\n\t\t<div class=\"breakdance-image-clip\">\n\t\t\t\t\t\t<a class=\"breakdance-image-link breakdance-image-link--lightbox\" href=\"https:\/\/fitoriopolitikos.gr\/wp-content\/uploads\/2023\/11\/ipokeimena2b.jpg\" target=\"_self\" rel=\"noopener\" data-sub-html=\"\" data-lg-size=\"-\">\n\t\t\t\t\n\t\t\t\t\n\t\t\t\t\t      \n  \n  \n  \n  \n      \n      <img loading=\"lazy\" decoding=\"async\"\n      class=\"breakdance-image-object\"\n      src=\"https:\/\/fitoriopolitikos.gr\/wp-content\/uploads\/2023\/11\/ipokeimena2b.jpg\"\n      width=\"1500\"\n      height=\"1125\"\n      \n      \n                                    srcset=\"https:\/\/fitoriopolitikos.gr\/wp-content\/uploads\/2023\/11\/ipokeimena2b.jpg 1500w, https:\/\/fitoriopolitikos.gr\/wp-content\/uploads\/2023\/11\/ipokeimena2b-300x225.jpg 300w, https:\/\/fitoriopolitikos.gr\/wp-content\/uploads\/2023\/11\/ipokeimena2b-1024x768.jpg 1024w, https:\/\/fitoriopolitikos.gr\/wp-content\/uploads\/2023\/11\/ipokeimena2b-768x576.jpg 768w, https:\/\/fitoriopolitikos.gr\/wp-content\/uploads\/2023\/11\/ipokeimena2b-16x12.jpg 16w\"\n                                                                      >\n  \n\n\t\t\t\t\t\n\t\t\t\t\t\t\t<\/a>\n\t\t\t\t\t<\/div>\n\t<\/div>\n\n\t<\/figure>\n\n<\/div>\n<\/div><h1 class=\"bde-heading-19-525 bde-heading\">\n2. Coupe\n<\/h1>\n<\/div>\n<\/div><div class=\"bde-div-19-526 bde-div\">\n  \n\t\n\n\n\n<div class=\"bde-div-19-527 bde-div\">\n  \n\t\n\n\n\n<div class=\"bde-div-19-528 bde-div\">\n  \n\t\n\n\n\n<div class=\"bde-image-19-575 bde-image\">\n  \n\n\n\n\n\n<figure class=\"breakdance-image breakdance-image--299\">\n\t<div class=\"breakdance-image-container\">\n\t\t<div class=\"breakdance-image-clip\">\n\t\t\t\t\t\t<a class=\"breakdance-image-link breakdance-image-link--lightbox\" href=\"https:\/\/fitoriopolitikos.gr\/wp-content\/uploads\/2024\/01\/ipokeimena_1500x1125_bnew.jpg\" target=\"_self\" rel=\"noopener\" data-sub-html=\"\" data-lg-size=\"-\">\n\t\t\t\t\n\t\t\t\t\n\t\t\t\t\t      \n  \n  \n  \n  \n      \n      <img loading=\"lazy\" decoding=\"async\"\n      class=\"breakdance-image-object\"\n      src=\"https:\/\/fitoriopolitikos.gr\/wp-content\/uploads\/2024\/01\/ipokeimena_1500x1125_bnew.jpg\"\n      width=\"1500\"\n      height=\"1125\"\n      \n      \n                                    srcset=\"https:\/\/fitoriopolitikos.gr\/wp-content\/uploads\/2024\/01\/ipokeimena_1500x1125_bnew.jpg 1500w, https:\/\/fitoriopolitikos.gr\/wp-content\/uploads\/2024\/01\/ipokeimena_1500x1125_bnew-300x225.jpg 300w, https:\/\/fitoriopolitikos.gr\/wp-content\/uploads\/2024\/01\/ipokeimena_1500x1125_bnew-1024x768.jpg 1024w, https:\/\/fitoriopolitikos.gr\/wp-content\/uploads\/2024\/01\/ipokeimena_1500x1125_bnew-768x576.jpg 768w, https:\/\/fitoriopolitikos.gr\/wp-content\/uploads\/2024\/01\/ipokeimena_1500x1125_bnew-16x12.jpg 16w\"\n                                                                      >\n  \n\n\t\t\t\t\t\n\t\t\t\t\t\t\t<\/a>\n\t\t\t\t\t<\/div>\n\t<\/div>\n\n\t<\/figure>\n\n<\/div>\n<\/div><h1 class=\"bde-heading-19-529 bde-heading\">\n3. Calibrage\n<\/h1>\n<\/div><div class=\"bde-div-19-530 bde-div\">\n  \n\t\n\n\n\n<div class=\"bde-div-19-531 bde-div\">\n  \n\t\n\n\n\n<div class=\"bde-image-19-576 bde-image\">\n  \n\n\n\n\n\n<figure class=\"breakdance-image breakdance-image--280\">\n\t<div class=\"breakdance-image-container\">\n\t\t<div class=\"breakdance-image-clip\">\n\t\t\t\t\t\t<a class=\"breakdance-image-link breakdance-image-link--lightbox\" href=\"https:\/\/fitoriopolitikos.gr\/wp-content\/uploads\/2024\/01\/dematopoiisi.jpg\" target=\"_self\" rel=\"noopener\" data-sub-html=\"\" data-lg-size=\"-\">\n\t\t\t\t\n\t\t\t\t\n\t\t\t\t\t      \n  \n  \n  \n  \n      \n      <img loading=\"lazy\" decoding=\"async\"\n      class=\"breakdance-image-object\"\n      src=\"https:\/\/fitoriopolitikos.gr\/wp-content\/uploads\/2024\/01\/dematopoiisi.jpg\"\n      width=\"600\"\n      height=\"800\"\n      \n      \n                                    srcset=\"https:\/\/fitoriopolitikos.gr\/wp-content\/uploads\/2024\/01\/dematopoiisi.jpg 600w, https:\/\/fitoriopolitikos.gr\/wp-content\/uploads\/2024\/01\/dematopoiisi-225x300.jpg 225w, https:\/\/fitoriopolitikos.gr\/wp-content\/uploads\/2024\/01\/dematopoiisi-9x12.jpg 9w\"\n                                                                      >\n  \n\n\t\t\t\t\t\n\t\t\t\t\t\t\t<\/a>\n\t\t\t\t\t<\/div>\n\t<\/div>\n\n\t<\/figure>\n\n<\/div>\n<\/div><h1 class=\"bde-heading-19-532 bde-heading\">\n4. Cerclage\n<\/h1>\n<\/div>\n<\/div>\n<\/div><div class=\"bde-div-19-533 bde-div\">\n  \n\t\n\n\n\n<h2 class=\"bde-heading-19-534 bde-heading\">\nGREFFAGE\n<\/h2><div class=\"bde-div-19-535 bde-div\">\n  \n\t\n\n\n\n<div class=\"bde-div-19-536 bde-div\">\n  \n\t\n\n\n\n<div class=\"bde-div-19-537 bde-div\">\n  \n\t\n\n\n\n<div class=\"bde-image-19-577 bde-image\">\n  \n\n\n\n\n\n<figure class=\"breakdance-image breakdance-image--281\">\n\t<div class=\"breakdance-image-container\">\n\t\t<div class=\"breakdance-image-clip\">\n\t\t\t\t\t\t<a class=\"breakdance-image-link breakdance-image-link--lightbox\" href=\"https:\/\/fitoriopolitikos.gr\/wp-content\/uploads\/2024\/01\/emvolio-ipokeimno.jpg\" target=\"_self\" rel=\"noopener\" data-sub-html=\"\" data-lg-size=\"-\">\n\t\t\t\t\n\t\t\t\t\n\t\t\t\t\t      \n  \n  \n  \n  \n      \n      <img loading=\"lazy\" decoding=\"async\"\n      class=\"breakdance-image-object\"\n      src=\"https:\/\/fitoriopolitikos.gr\/wp-content\/uploads\/2024\/01\/emvolio-ipokeimno.jpg\"\n      width=\"500\"\n      height=\"750\"\n      \n      \n                                    srcset=\"https:\/\/fitoriopolitikos.gr\/wp-content\/uploads\/2024\/01\/emvolio-ipokeimno.jpg 500w, https:\/\/fitoriopolitikos.gr\/wp-content\/uploads\/2024\/01\/emvolio-ipokeimno-200x300.jpg 200w, https:\/\/fitoriopolitikos.gr\/wp-content\/uploads\/2024\/01\/emvolio-ipokeimno-8x12.jpg 8w\"\n                                                                      >\n  \n\n\t\t\t\t\t\n\t\t\t\t\t\t\t<\/a>\n\t\t\t\t\t<\/div>\n\t<\/div>\n\n\t<\/figure>\n\n<\/div>\n<\/div><h1 class=\"bde-heading-19-538 bde-heading\">\nAssemblage du porte-greffe et du \ngreffon<br>\n<\/h1>\n<\/div><div class=\"bde-div-19-539 bde-div\">\n  \n\t\n\n\n\n<div class=\"bde-div-19-540 bde-div\">\n  \n\t\n\n\n\n<div class=\"bde-image-19-578 bde-image\">\n  \n\n\n\n\n\n<figure class=\"breakdance-image breakdance-image--189\">\n\t<div class=\"breakdance-image-container\">\n\t\t<div class=\"breakdance-image-clip\">\n\t\t\t\t\t\t<a class=\"breakdance-image-link breakdance-image-link--lightbox\" href=\"https:\/\/fitoriopolitikos.gr\/wp-content\/uploads\/2023\/11\/emvoliasmos_02.jpg\" target=\"_self\" rel=\"noopener\" data-sub-html=\"\" data-lg-size=\"-\">\n\t\t\t\t\n\t\t\t\t\n\t\t\t\t\t      \n  \n  \n  \n  \n      \n      <img loading=\"lazy\" decoding=\"async\"\n      class=\"breakdance-image-object\"\n      src=\"https:\/\/fitoriopolitikos.gr\/wp-content\/uploads\/2023\/11\/emvoliasmos_02.jpg\"\n      width=\"1500\"\n      height=\"1125\"\n      \n      \n                                    srcset=\"https:\/\/fitoriopolitikos.gr\/wp-content\/uploads\/2023\/11\/emvoliasmos_02.jpg 1500w, https:\/\/fitoriopolitikos.gr\/wp-content\/uploads\/2023\/11\/emvoliasmos_02-300x225.jpg 300w, https:\/\/fitoriopolitikos.gr\/wp-content\/uploads\/2023\/11\/emvoliasmos_02-1024x768.jpg 1024w, https:\/\/fitoriopolitikos.gr\/wp-content\/uploads\/2023\/11\/emvoliasmos_02-768x576.jpg 768w, https:\/\/fitoriopolitikos.gr\/wp-content\/uploads\/2023\/11\/emvoliasmos_02-16x12.jpg 16w\"\n                                                                      >\n  \n\n\t\t\t\t\t\n\t\t\t\t\t\t\t<\/a>\n\t\t\t\t\t<\/div>\n\t<\/div>\n\n\t<\/figure>\n\n<\/div>\n<\/div><h1 class=\"bde-heading-19-541 bde-heading\">\nStratification\n<\/h1>\n<\/div>\n<\/div><div class=\"bde-div-19-542 bde-div\">\n  \n\t\n\n\n\n<div class=\"bde-div-19-543 bde-div\">\n  \n\t\n\n\n\n<div class=\"bde-div-19-544 bde-div\">\n  \n\t\n\n\n\n<div class=\"bde-image-19-579 bde-image\">\n  \n\n\n\n\n\n<figure class=\"breakdance-image breakdance-image--282\">\n\t<div class=\"breakdance-image-container\">\n\t\t<div class=\"breakdance-image-clip\">\n\t\t\t\t\t\t<a class=\"breakdance-image-link breakdance-image-link--lightbox\" href=\"https:\/\/fitoriopolitikos.gr\/wp-content\/uploads\/2024\/01\/ksilino_kivotio.jpg\" target=\"_self\" rel=\"noopener\" data-sub-html=\"\" data-lg-size=\"-\">\n\t\t\t\t\n\t\t\t\t\n\t\t\t\t\t      \n  \n  \n  \n  \n      \n      <img loading=\"lazy\" decoding=\"async\"\n      class=\"breakdance-image-object\"\n      src=\"https:\/\/fitoriopolitikos.gr\/wp-content\/uploads\/2024\/01\/ksilino_kivotio.jpg\"\n      width=\"567\"\n      height=\"851\"\n      \n      \n                                    srcset=\"https:\/\/fitoriopolitikos.gr\/wp-content\/uploads\/2024\/01\/ksilino_kivotio.jpg 567w, https:\/\/fitoriopolitikos.gr\/wp-content\/uploads\/2024\/01\/ksilino_kivotio-200x300.jpg 200w, https:\/\/fitoriopolitikos.gr\/wp-content\/uploads\/2024\/01\/ksilino_kivotio-8x12.jpg 8w\"\n                                                                      >\n  \n\n\t\t\t\t\t\n\t\t\t\t\t\t\t<\/a>\n\t\t\t\t\t<\/div>\n\t<\/div>\n\n\t<\/figure>\n\n<\/div>\n<\/div><h1 class=\"bde-heading-19-545 bde-heading\">\nMise en caisse des \nplants greff\u00e9s\n<\/h1>\n<\/div>\n<\/div>\n<\/div><div class=\"bde-div-19-549 bde-div\">\n  \n\t\n\n\n\n<h2 class=\"bde-heading-19-550 bde-heading\">\nCHAUFFE\n<\/h2><div class=\"bde-text-19-376 bde-text\">\nLes greffes sont plac\u00e9es en chambre chaude (\u00e0 temp\u00e9rature et humidit\u00e9 constantes) pour \natteindre:\n<\/div><div class=\"bde-div-19-551 bde-div\">\n  \n\t\n\n\n\n<div class=\"bde-div-19-552 bde-div\">\n  \n\t\n\n\n\n<div class=\"bde-div-19-553 bde-div\">\n  \n\t\n\n\n\n<div class=\"bde-image-19-580 bde-image\">\n  \n\n\n\n\n\n<figure class=\"breakdance-image breakdance-image--191\">\n\t<div class=\"breakdance-image-container\">\n\t\t<div class=\"breakdance-image-clip\">\n\t\t\t\t\t\t<a class=\"breakdance-image-link breakdance-image-link--lightbox\" href=\"https:\/\/fitoriopolitikos.gr\/wp-content\/uploads\/2023\/11\/front_page.jpg\" target=\"_self\" rel=\"noopener\" data-sub-html=\"\" data-lg-size=\"-\">\n\t\t\t\t\n\t\t\t\t\n\t\t\t\t\t      \n  \n  \n  \n  \n      \n      <img loading=\"lazy\" decoding=\"async\"\n      class=\"breakdance-image-object\"\n      src=\"https:\/\/fitoriopolitikos.gr\/wp-content\/uploads\/2023\/11\/front_page.jpg\"\n      width=\"1920\"\n      height=\"1440\"\n      \n      \n                                    srcset=\"https:\/\/fitoriopolitikos.gr\/wp-content\/uploads\/2023\/11\/front_page.jpg 1920w, https:\/\/fitoriopolitikos.gr\/wp-content\/uploads\/2023\/11\/front_page-300x225.jpg 300w, https:\/\/fitoriopolitikos.gr\/wp-content\/uploads\/2023\/11\/front_page-1024x768.jpg 1024w, https:\/\/fitoriopolitikos.gr\/wp-content\/uploads\/2023\/11\/front_page-768x576.jpg 768w, https:\/\/fitoriopolitikos.gr\/wp-content\/uploads\/2023\/11\/front_page-1536x1152.jpg 1536w, https:\/\/fitoriopolitikos.gr\/wp-content\/uploads\/2023\/11\/front_page-16x12.jpg 16w\"\n                                                                      >\n  \n\n\t\t\t\t\t\n\t\t\t\t\t\t\t<\/a>\n\t\t\t\t\t<\/div>\n\t<\/div>\n\n\t<\/figure>\n\n<\/div>\n<\/div><h1 class=\"bde-heading-19-554 bde-heading\">\nd\u00e9bourrement\n<\/h1>\n<\/div><div class=\"bde-div-19-555 bde-div\">\n  \n\t\n\n\n\n<div class=\"bde-div-19-556 bde-div\">\n  \n\t\n\n\n\n<div class=\"bde-image-19-581 bde-image\">\n  \n\n\n\n\n\n<figure class=\"breakdance-image breakdance-image--283\">\n\t<div class=\"breakdance-image-container\">\n\t\t<div class=\"breakdance-image-clip\">\n\t\t\t\t\t\t<a class=\"breakdance-image-link breakdance-image-link--lightbox\" href=\"https:\/\/fitoriopolitikos.gr\/wp-content\/uploads\/2024\/01\/ekptiksi.jpg\" target=\"_self\" rel=\"noopener\" data-sub-html=\"\" data-lg-size=\"-\">\n\t\t\t\t\n\t\t\t\t\n\t\t\t\t\t      \n  \n  \n  \n  \n      \n      <img loading=\"lazy\" decoding=\"async\"\n      class=\"breakdance-image-object\"\n      src=\"https:\/\/fitoriopolitikos.gr\/wp-content\/uploads\/2024\/01\/ekptiksi.jpg\"\n      width=\"1275\"\n      height=\"850\"\n      \n      \n                                    srcset=\"https:\/\/fitoriopolitikos.gr\/wp-content\/uploads\/2024\/01\/ekptiksi.jpg 1275w, https:\/\/fitoriopolitikos.gr\/wp-content\/uploads\/2024\/01\/ekptiksi-300x200.jpg 300w, https:\/\/fitoriopolitikos.gr\/wp-content\/uploads\/2024\/01\/ekptiksi-1024x683.jpg 1024w, https:\/\/fitoriopolitikos.gr\/wp-content\/uploads\/2024\/01\/ekptiksi-768x512.jpg 768w, https:\/\/fitoriopolitikos.gr\/wp-content\/uploads\/2024\/01\/ekptiksi-18x12.jpg 18w\"\n                                                                      >\n  \n\n\t\t\t\t\t\n\t\t\t\t\t\t\t<\/a>\n\t\t\t\t\t<\/div>\n\t<\/div>\n\n\t<\/figure>\n\n<\/div>\n<\/div><h1 class=\"bde-heading-19-557 bde-heading\">\nCicatrisation \nuniforme et compl\u00e8te du cal\n<\/h1>\n<\/div>\n<\/div><div class=\"bde-div-19-558 bde-div\">\n  \n\t\n\n\n\n<div class=\"bde-div-19-559 bde-div\">\n  \n\t\n\n\n\n<div class=\"bde-div-19-560 bde-div\">\n  \n\t\n\n\n\n<div class=\"bde-image-19-582 bde-image\">\n  \n\n\n\n\n\n<figure class=\"breakdance-image breakdance-image--284\">\n\t<div class=\"breakdance-image-container\">\n\t\t<div class=\"breakdance-image-clip\">\n\t\t\t\t\t\t<a class=\"breakdance-image-link breakdance-image-link--lightbox\" href=\"https:\/\/fitoriopolitikos.gr\/wp-content\/uploads\/2024\/01\/nearoi_vlastoi.jpg\" target=\"_self\" rel=\"noopener\" data-sub-html=\"\" data-lg-size=\"-\">\n\t\t\t\t\n\t\t\t\t\n\t\t\t\t\t      \n  \n  \n  \n  \n      \n      <img loading=\"lazy\" decoding=\"async\"\n      class=\"breakdance-image-object\"\n      src=\"https:\/\/fitoriopolitikos.gr\/wp-content\/uploads\/2024\/01\/nearoi_vlastoi.jpg\"\n      width=\"836\"\n      height=\"800\"\n      \n      \n                                    srcset=\"https:\/\/fitoriopolitikos.gr\/wp-content\/uploads\/2024\/01\/nearoi_vlastoi.jpg 836w, https:\/\/fitoriopolitikos.gr\/wp-content\/uploads\/2024\/01\/nearoi_vlastoi-300x287.jpg 300w, https:\/\/fitoriopolitikos.gr\/wp-content\/uploads\/2024\/01\/nearoi_vlastoi-768x735.jpg 768w, https:\/\/fitoriopolitikos.gr\/wp-content\/uploads\/2024\/01\/nearoi_vlastoi-13x12.jpg 13w\"\n                                                                      >\n  \n\n\t\t\t\t\t\n\t\t\t\t\t\t\t<\/a>\n\t\t\t\t\t<\/div>\n\t<\/div>\n\n\t<\/figure>\n\n<\/div>\n<\/div><h1 class=\"bde-heading-19-561 bde-heading\">\nApr\u00e8s l\u2019apparition des bourgeons, la croissance des jeunes plants se poursuit\n<\/h1>\n<\/div>\n<\/div>\n<\/div><div class=\"bde-div-19-377 bde-div\">\n  \n\t\n\n\n\n<h2 class=\"bde-heading-19-378 bde-heading\">\nPLANTATION\n<\/h2><div class=\"bde-text-19-379 bde-text\">\nLes plantes greff\u00e9es d\u00e9veloppent des pousses vigoureuses et un syst\u00e8me racinaire profond pendant la saison de croissance\n<\/div>\n<\/div><\/div>\n<\/section><section class=\"bde-section-19-567 bde-section\">\n              \n  \n\t\n\n  <div class=\"section-background-overlay\"><\/div>\n\n\n<div class=\"section-container\"><div class=\"bde-div-19-568 bde-div\">\n  \n\t\n\n\n\n\n<\/div><\/div>\n<\/section>","protected":false},"excerpt":{"rendered":"<p>\u0397 \u03a0\u03b1\u03c1\u03b1\u03b3\u03c9\u03b3\u03ae \u0397 \u03a0\u0391\u03a1\u0391\u0393\u03a9\u0393\u0399\u039a\u0397 \u0394\u0399\u0391\u0394\u0399\u039a\u0391\u03a3\u0399\u0391 \u0395\u039c\u0392\u039f\u039b\u0399\u0391 1. \u039a\u03cc\u03b2\u03bf\u03bd\u03c4\u03b1\u03b9 \u03b1\u03bd\u03b1 \u03bf\u03c6\u03b8\u03b1\u03bb\u03bc\u03cc 2. \u03a3\u03c5\u03bb\u03bb\u03ad\u03b3\u03bf\u03bd\u03c4\u03b1\u03b9 3. \u03a3\u03c5\u03c3\u03ba\u03b5\u03c5\u03ac\u03b6\u03bf\u03bd\u03c4\u03b1\u03b9 \u03ba\u03b1\u03b9 \u03ba\u03b1\u03c4\u03cc\u03c0\u03b9\u03bd \u03b4\u03b9\u03b1\u03c4\u03b7\u03c1\u03bf\u03cd\u03bd\u03c4\u03b1\u03b9 \u03c3\u03b5 \u03c8\u03c5\u03ba\u03c4\u03b9\u03ba\u03cc \u03b8\u03ac\u03bb\u03b1\u03bc\u03bf \u03a5\u03a0\u039f\u039a\u0395\u0399\u039c\u0395\u039d\u0391 1. \u0391\u03c0\u03bf\u03c6\u03b8\u03b1\u03bb\u03bc\u03b9\u03c3\u03bc\u03cc\u03c2 2. \u039a\u03bf\u03c0\u03ae 3. \u039c\u03ad\u03c4\u03c1\u03b7\u03c3\u03b7 4. \u0394\u03b5\u03bc\u03b1\u03c4\u03bf\u03c0\u03bf\u03af\u03b7\u03c3\u03b7 \u0395\u039c\u0392\u039f\u039b\u0399\u0391\u03a3\u039c\u039f\u03a3 \u039c\u03b7\u03c7\u03b1\u03bd\u03b9\u03ba\u03ae \u03ad\u03bd\u03c9\u03c3\u03b7 \u03c4\u03bf\u03c5 \u03b5\u03bc\u03b2\u03bf\u03bb\u03af\u03bf\u03c5 \u03bc\u03b5 \u03c4\u03bf \u03c5\u03c0\u03bf\u03ba\u03b5\u03af\u03bc\u03b5\u03bd\u03bf \u03a0\u03b1\u03c1\u03b1\u03c6\u03af\u03bd\u03c9\u03c3\u03b7 \u03c4\u03bf\u03c5 \u03c3\u03b7\u03bc\u03b5\u03af\u03bf\u03c5 \u03b5\u03bc\u03b2\u03bf\u03bb\u03b9\u03b1\u03c3\u03bc\u03bf\u03cd \u03a4\u03bf\u03c0\u03bf\u03b8\u03ad\u03c4\u03b7\u03c3\u03b7 \u03c4\u03c9\u03bd \u03b5\u03bc\u03b2\u03bf\u03bb\u03b9\u03b1\u03c3\u03bc\u03ad\u03bd\u03c9\u03bd \u03bc\u03bf\u03c3\u03c7\u03b5\u03c5\u03bc\u03ac\u03c4\u03c9\u03bd \u03c3\u03b5 \u03be\u03cd\u03bb\u03b9\u03bd\u03b1 \u03ba\u03b9\u03b2\u03ce\u03c4\u03b9\u03b1 \u0398\u0395\u03a1\u039c\u039f\u0398\u0391\u039b\u0391\u039c\u039f\u03a3 \u03a4\u03b1 \u03b5\u03bc\u03b2\u03bf\u03bb\u03b9\u03b1\u03c3\u03bc\u03ad\u03bd\u03b1 \u03bc\u03bf\u03c3\u03c7\u03b5\u03cd\u03bc\u03b1\u03c4\u03b1 \u03c4\u03bf\u03c0\u03bf\u03b8\u03b5\u03c4\u03bf\u03cd\u03bd\u03c4\u03b1\u03b9 \u03c3\u03b5 \u03b8\u03b5\u03c1\u03bc\u03bf\u03b8\u03ac\u03bb\u03b1\u03bc\u03bf [&hellip;]<\/p>","protected":false},"author":1,"featured_media":0,"parent":0,"menu_order":0,"comment_status":"closed","ping_status":"closed","template":"","meta":{"_seopress_robots_primary_cat":"","_seopress_titles_title":"","_seopress_titles_desc":"","_seopress_robots_index":"","om_disable_all_campaigns":false,"_monsterinsights_skip_tracking":false,"_monsterinsights_sitenote_active":false,"_monsterinsights_sitenote_note":"","_monsterinsights_sitenote_category":0,"_uf_show_specific_survey":0,"_uf_disable_surveys":false,"footnotes":"","_breakdance_hide_in_design_set":false,"_breakdance_tags":""},"_links":{"self":[{"href":"https:\/\/fitoriopolitikos.gr\/fr\/wp-json\/wp\/v2\/pages\/19"}],"collection":[{"href":"https:\/\/fitoriopolitikos.gr\/fr\/wp-json\/wp\/v2\/pages"}],"about":[{"href":"https:\/\/fitoriopolitikos.gr\/fr\/wp-json\/wp\/v2\/types\/page"}],"author":[{"embeddable":true,"href":"https:\/\/fitoriopolitikos.gr\/fr\/wp-json\/wp\/v2\/users\/1"}],"replies":[{"embeddable":true,"href":"https:\/\/fitoriopolitikos.gr\/fr\/wp-json\/wp\/v2\/comments?post=19"}],"version-history":[{"count":59,"href":"https:\/\/fitoriopolitikos.gr\/fr\/wp-json\/wp\/v2\/pages\/19\/revisions"}],"predecessor-version":[{"id":554,"href":"https:\/\/fitoriopolitikos.gr\/fr\/wp-json\/wp\/v2\/pages\/19\/revisions\/554"}],"wp:attachment":[{"href":"https:\/\/fitoriopolitikos.gr\/fr\/wp-json\/wp\/v2\/media?parent=19"}],"curies":[{"name":"wp","href":"https:\/\/api.w.org\/{rel}","templated":true}]}}