{"id":17,"date":"2023-11-12T17:31:25","date_gmt":"2023-11-12T17:31:25","guid":{"rendered":"https:\/\/fitoriopolitikos.gr\/?page_id=17"},"modified":"2024-01-26T09:48:21","modified_gmt":"2024-01-26T09:48:21","slug":"poioi-eimaste","status":"publish","type":"page","link":"https:\/\/fitoriopolitikos.gr\/fr\/poioi-eimaste\/","title":{"rendered":"Qui sommes-nous"},"content":{"rendered":"<section class=\"bde-section-17-100 bde-section\">\n              \n  \n\t\n\n  <div class=\"section-background-overlay\"><\/div>\n\n\n<div class=\"section-container\"><div class=\"bde-div-17-101 bde-div\">\n  \n\t\n\n\n\n<h1 class=\"bde-heading-17-102 bde-heading\" data-entrance=\"slideUp\">\nQui sommes-nous\n<\/h1>\n<\/div><\/div>\n<\/section><section class=\"bde-section-17-104 bde-section\">\n              \n  \n\t\n\n\n\n<div class=\"section-container\"><div class=\"bde-columns-17-114 bde-columns\"><div class=\"bde-column-17-115 bde-column\">\n  \n\t\n\n\n\n<div class=\"bde-div-17-108 bde-div\">\n  \n\t\n\n\n\n<div class=\"bde-image-17-109 bde-image\">\n  \n\n\n\n\n\n<figure class=\"breakdance-image breakdance-image--291\">\n\t<div class=\"breakdance-image-container\">\n\t\t<div class=\"breakdance-image-clip\">\n\t\t\t\n\t\t\t\t\t\t\t\t<div class=\"breakdance-image__mask\">\n\t\t\t\t\t\n\t\t\t\t\t      \n  \n  \n  \n  \n      \n      <img loading=\"lazy\" decoding=\"async\"\n      class=\"breakdance-image-object\"\n      src=\"https:\/\/fitoriopolitikos.gr\/wp-content\/uploads\/2024\/01\/giannis1.jpg\"\n      width=\"800\"\n      height=\"1200\"\n      \n      \n                                    srcset=\"https:\/\/fitoriopolitikos.gr\/wp-content\/uploads\/2024\/01\/giannis1.jpg 800w, https:\/\/fitoriopolitikos.gr\/wp-content\/uploads\/2024\/01\/giannis1-200x300.jpg 200w, https:\/\/fitoriopolitikos.gr\/wp-content\/uploads\/2024\/01\/giannis1-683x1024.jpg 683w, https:\/\/fitoriopolitikos.gr\/wp-content\/uploads\/2024\/01\/giannis1-768x1152.jpg 768w, https:\/\/fitoriopolitikos.gr\/wp-content\/uploads\/2024\/01\/giannis1-8x12.jpg 8w\"\n                                                                      >\n  \n\n\t\t\t\t\t\t\t\t\t<\/div>\n\t\t\t\t\n\t\t\t\t\t\t<\/div>\n\t<\/div>\n\n\t<\/figure>\n\n<\/div>\n<\/div>\n<\/div><div class=\"bde-column-17-120 bde-column\">\n  \n\t\n\n\n\n<div class=\"bde-div-17-121 bde-div\">\n  \n\t\n\n\n\n<h2 class=\"bde-heading-17-122 bde-heading\">\nP\u00c9PINI\u00c8RES IOANNIS POLITIKOS\n<\/h2><div class=\"bde-rich-text-17-113 bde-rich-text breakdance-rich-text-styles\">\n\n<p>La p\u00e9pini\u00e8re a \u00e9t\u00e9 cr\u00e9e en 1968 par Dimitrios Politikos \u00e0 Lamia, en Gr\u00e8ce continentale, et son activit\u00e9 se poursuit jusqu\u2019\u00e0 aujourd\u2019hui avec la deuxi\u00e8me g\u00e9n\u00e9ration incarn\u00e9e par son fils Ioannis Politikos. \n\nApr\u00e8s une licence en Plant sciences obtenue \u00e0 l\u2019Universit\u00e9 de Thessalonique, en Gr\u00e8ce continentale, Ioannis a ensuite effectu\u00e9 un Master en Californie  \u00e0 la c\u00e9l\u00e8bre Universit\u00e9 Davis (\u00e9galement connue sous le nom de UC Davis) dans le domaine de la viticulture avec comme sujet la propagation de la vigne (greffage). Il ainsi eu la chance de suivre l\u2019enseignement du Professeur Andy Walker qui a contribu\u00e9 de mani\u00e8re significative \u00e0 l\u2019\u00e9tude de la p\u00e9pini\u00e8re viticole. \n\nIoannis conjugue ainsi connaissance scientifique et exp\u00e9rience, ce qui lui permet d\u2019appliquer des m\u00e9thodes innovantes \u00e0 toutes les \u00e9tapes du processus de production. \nIl en r\u00e9sulte  des plants de vigne greff\u00e9s de qualit\u00e9 premium avec un syst\u00e8me racinaire fort et\nune cicatrisation du cal parfaite,  qui r\u00e9pondent \u00e0 toutes les normes phytosanitaires fix\u00e9es par l\u2019Union europ\u00e9enne.<\/p>\n\n\n\n<p>Un grand nombre de param\u00e8tres doivent \u00eatre pris en compte pour l\u2019\u00e9tablissement d\u2019un vignoble de qualit\u00e9. De nombreuses d\u00e9cisions prises avant la plantation, par exemple le choix du porte-greffe,  le syst\u00e8me de palissage, l\u2019espacement des rangs sont essentiels pour le rendement du vignoble.\n\nNous sommes en mesure de fournir des conseils sur mesure \u00e0 nos clients afin de cr\u00e9er ensemble un vignoble durable et d\u2019en obtenir le meilleur rendement.<\/p>\n\n\n\n<p>Notre cr\u00e9dibilit\u00e9 et notre professionnalisme nous permettent d\u2019\u00e9tablir des relations de confiance et des partenariats durables. Produire des plants de vigne greff\u00e9s de qualit\u00e9 constante et fournir un niveau \u00e9lev\u00e9 de conseils techniques couvrant tous les aspects de la viticulture est la meilleure garantie envers nos clients.<\/p>\n\n<\/div>\n<\/div>\n<\/div><\/div><\/div>\n<\/section>","protected":false},"excerpt":{"rendered":"<p>\u03a0\u03bf\u03b9\u03bf\u03af \u03b5\u03af\u03bc\u03b1\u03c3\u03c4\u03b5 \u03a6\u03c5\u03c4\u03ce\u03c1\u03b9\u03bf \u0399\u03c9\u03ac\u03bd\u03bd\u03b7\u03c2 \u03a0\u03bf\u03bb\u03b9\u03c4\u03b9\u03ba\u03cc\u03c2 \u03a4\u03bf \u03c6\u03c5\u03c4\u03ce\u03c1\u03b9\u03bf \u03b1\u03bc\u03c0\u03ad\u03bb\u03bf\u03c5 \u03b9\u03b4\u03c1\u03cd\u03b8\u03b7\u03ba\u03b5 \u03c4\u03bf 1968 \u03b1\u03c0\u03cc \u03c4\u03bf\u03bd \u0394\u03b7\u03bc\u03ae\u03c4\u03c1\u03b9\u03bf \u03a0\u03bf\u03bb\u03b9\u03c4\u03b9\u03ba\u03cc \u03ba\u03b1\u03b9 \u03b7 \u03b4\u03c1\u03b1\u03c3\u03c4\u03b7\u03c1\u03b9\u03cc\u03c4\u03b7\u03c4\u03ac \u03c4\u03bf\u03c5 \u03c3\u03c5\u03bd\u03b5\u03c7\u03af\u03b6\u03b5\u03c4\u03b1\u03b9 \u03bc\u03ad\u03c7\u03c1\u03b9 \u03c3\u03ae\u03bc\u03b5\u03c1\u03b1 \u03b1\u03c0\u03cc \u03c4\u03b7 \u03b4\u03b5\u03cd\u03c4\u03b5\u03c1\u03b7 \u03b3\u03b5\u03bd\u03b9\u03ac \u03ba\u03b1\u03b9 \u03c3\u03c5\u03b3\u03ba\u03b5\u03ba\u03c1\u03b9\u03bc\u03ad\u03bd\u03b1 \u03b1\u03c0\u03cc \u03c4\u03bf\u03bd \u0399\u03c9\u03ac\u03bd\u03bd\u03b7 \u03a0\u03bf\u03bb\u03b9\u03c4\u03b9\u03ba\u03cc. \u0388\u03c7\u03bf\u03bd\u03c4\u03b1\u03c2 \u03bf\u03bb\u03bf\u03ba\u03bb\u03b7\u03c1\u03ce\u03c3\u03b5\u03b9 \u03c4\u03b9\u03c2 \u03bc\u03b5\u03c4\u03b1\u03c0\u03c4\u03c5\u03c7\u03b9\u03b1\u03ba\u03ad\u03c2 \u03c3\u03c0\u03bf\u03c5\u03b4\u03ad\u03c2 \u03c3\u03c4\u03b9\u03c2 \u0397\u03bd\u03c9\u03bc\u03ad\u03bd\u03b5\u03c2 \u03a0\u03bf\u03bb\u03b9\u03c4\u03b5\u03af\u03b5\u03c2 \u0391\u03bc\u03b5\u03c1\u03b9\u03ba\u03ae\u03c2 \u03c3\u03c4\u03bf\u03bd \u03c4\u03bf\u03bc\u03ad\u03b1 \u03c4\u03b7\u03c2 \u03b1\u03bc\u03c0\u03b5\u03bb\u03bf\u03c5\u03c1\u03b3\u03af\u03b1\u03c2 \u03ba\u03b1\u03b9 \u03c4\u03b7\u03bd \u03c0\u03c4\u03c5\u03c7\u03b9\u03b1\u03ba\u03ae \u03b4\u03b9\u03b1\u03c4\u03c1\u03b9\u03b2\u03ae \u03c3\u03c4\u03bf\u03bd \u03c0\u03bf\u03bb\u03bb\u03b1\u03c0\u03bb\u03b1\u03c3\u03b9\u03b1\u03c3\u03bc\u03cc \u03c4\u03b7\u03c2 \u03b1\u03bc\u03c0\u03ad\u03bb\u03bf\u03c5 \u03bf \u0393\u03b9\u03ac\u03bd\u03bd\u03b7\u03c2 [&hellip;]<\/p>","protected":false},"author":1,"featured_media":0,"parent":0,"menu_order":0,"comment_status":"closed","ping_status":"closed","template":"","meta":{"_seopress_robots_primary_cat":"","_seopress_titles_title":"","_seopress_titles_desc":"","_seopress_robots_index":"","om_disable_all_campaigns":false,"_monsterinsights_skip_tracking":false,"_monsterinsights_sitenote_active":false,"_monsterinsights_sitenote_note":"","_monsterinsights_sitenote_category":0,"_uf_show_specific_survey":0,"_uf_disable_surveys":false,"footnotes":"","_breakdance_hide_in_design_set":false,"_breakdance_tags":""},"_links":{"self":[{"href":"https:\/\/fitoriopolitikos.gr\/fr\/wp-json\/wp\/v2\/pages\/17"}],"collection":[{"href":"https:\/\/fitoriopolitikos.gr\/fr\/wp-json\/wp\/v2\/pages"}],"about":[{"href":"https:\/\/fitoriopolitikos.gr\/fr\/wp-json\/wp\/v2\/types\/page"}],"author":[{"embeddable":true,"href":"https:\/\/fitoriopolitikos.gr\/fr\/wp-json\/wp\/v2\/users\/1"}],"replies":[{"embeddable":true,"href":"https:\/\/fitoriopolitikos.gr\/fr\/wp-json\/wp\/v2\/comments?post=17"}],"version-history":[{"count":17,"href":"https:\/\/fitoriopolitikos.gr\/fr\/wp-json\/wp\/v2\/pages\/17\/revisions"}],"predecessor-version":[{"id":318,"href":"https:\/\/fitoriopolitikos.gr\/fr\/wp-json\/wp\/v2\/pages\/17\/revisions\/318"}],"wp:attachment":[{"href":"https:\/\/fitoriopolitikos.gr\/fr\/wp-json\/wp\/v2\/media?parent=17"}],"curies":[{"name":"wp","href":"https:\/\/api.w.org\/{rel}","templated":true}]}}